{"id":1706,"date":"2025-12-26T15:37:00","date_gmt":"2025-12-26T14:37:00","guid":{"rendered":"https:\/\/www.lavillehuchet.com\/?page_id=1706"},"modified":"2026-02-19T09:40:47","modified_gmt":"2026-02-19T08:40:47","slug":"evenements-et-mariages","status":"publish","type":"page","link":"https:\/\/www.lavillehuchet.com\/fr\/evenements-et-mariages\/","title":{"rendered":"Location de salle"},"content":{"rendered":"\n<section class=\"wp-block-group alignfull section-heberg has-base-background-color has-background is-layout-flow wp-block-group-is-layout-flow\" style=\"padding-top:var(--wp--preset--spacing--50);padding-right:var(--wp--preset--spacing--50);padding-bottom:var(--wp--preset--spacing--50);padding-left:var(--wp--preset--spacing--50)\">\n<div class=\"wp-block-columns are-vertically-aligned-center is-layout-flex wp-container-core-columns-is-layout-28f84493 wp-block-columns-is-layout-flex\">\n<div class=\"wp-block-column is-vertically-aligned-center is-layout-flow wp-block-column-is-layout-flow\" style=\"padding-right:var(--wp--preset--spacing--30)\">\n<div class=\"wp-block-group is-vertical is-layout-flex wp-container-core-group-is-layout-98bb686d wp-block-group-is-layout-flex\">\n<div class=\"wp-block-group is-vertical is-content-justification-left is-layout-flex wp-container-core-group-is-layout-6c9a6f5f wp-block-group-is-layout-flex\" style=\"margin-top:0px;margin-right:0px;margin-bottom:0px;margin-left:0px\">\n<figure class=\"wp-block-image size-large\" style=\"margin-bottom:var(--wp--preset--spacing--30)\"><img decoding=\"async\" width=\"196\" height=\"67\" src=\"https:\/\/www.lavillehuchet.com\/wp-content\/uploads\/2025\/10\/Mode_Isolation.svg\" alt=\"Mode_Isolation\" class=\"wp-image-284\"\/><\/figure>\n\n\n\n<h2 class=\"wp-block-heading slogan has-contrast-2-color has-text-color has-link-color has-bile-font-family wp-elements-9aa34419618b3d9b09f2abc6f004a544\" style=\"font-size:clamp(61.532px, 3.846rem + ((1vw - 3.2px) * 7.132), 130px);line-height:.8\">Location de salle<\/h2>\n\n\n\n<h2 class=\"wp-block-heading sous-menu has-text-color has-link-color has-bile-font-family wp-elements-fd18de544f66b8e509e6733e14a1045d\" style=\"color:#1379a1a1;font-size:clamp(35.2px, 2.2rem + ((1vw - 3.2px) * 3), 64px);line-height:.8\">Pour \u00e9v\u00e9nements et mariages \u00e0 Saint-Malo<\/h2>\n<\/div>\n\n\n\n<h2 class=\"wp-block-heading has-text-align-left has-libre-franklin-font-family has-text-color\" style=\"color:rgba(181,173,151,1);margin-top:0px;margin-right:0px;margin-bottom:0px;margin-left:0px;font-size:clamp(15.747px, 0.984rem + ((1vw - 3.2px) * 0.86), 24px);font-style:normal;font-weight:400;line-height:1.2;text-transform:uppercase\">Location de salle \u00e0 Saint-Malo<\/h2>\n\n\n\n<p>Pour vos mariages, f\u00eates ou anniversaires, notre <a href=\"https:\/\/www.lavillehuchet.com\/fr\/\" data-type=\"page\" data-id=\"60\">camping \u00e0 Saint-Malo<\/a> vous propose la <strong>location d\u2019une salle de caract\u00e8re<\/strong> pour un week end \u00e0 Saint-Malo, dans le quartier sud de Quelmer.<br><br>Notre salle chauff\u00e9e de 220\u2009m\u00b2 peut accueillir <strong>jusqu\u2019\u00e0 140 personnes<\/strong>. Magnifique charpente en bois, larges baies vitr\u00e9es, cette salle s\u2019ouvre sur le parc arbor\u00e9 avec palmiers, drac\u00e9nas, ph\u0153nix et bambous.<br><br>Nous mettons \u00e0 votre disposition, en fonction du nombre de personnes, de grandes tables de 180 cm de diam\u00e8tre pour 10 personnes et des chaises de r\u00e9ception en tissu bordeaux ainsi qu\u2019un espace traiteur avec acc\u00e8s direct sur l\u2019ext\u00e9rieur.<\/p>\n\n\n    <div id=\"gt-fse-lire-plus-69f60632a9f3d\" class=\"gt-fse-lire-plus\" style=\"--min-height: 130px; background-color: #fff;\">\n        <input id=\"gt-fse-lire-plus-69f60632a9f3d-toggle\" type=\"checkbox\" class=\"gt-fse-lire-plus__toggle\" \/>\n        <label for=\"gt-fse-lire-plus-69f60632a9f3d-toggle\" class=\"gt-fse-lire-plus__toggle-label\">\n            <span>Lire plus<\/span>\n            <span>Lire moins<\/span>\n        <\/label>\n        <div class=\"gt-fse-lire-plus__content\">\n            \n\n<p>Vous aurez aussi \u00e0 votre disposition des r\u00e9frig\u00e9rateurs et cong\u00e9lateurs pour le stockage, des portants avec cintres pour votre vestiaire ainsi qu&rsquo;un vid\u00e9oprojecteur avec grand \u00e9cran et des spots de lumi\u00e8re.<br><br>Profitez de notre package de 6 h\u00e9bergements sur place qui constituent un avantage important pour la r\u00e9ussite de votre \u00e9v\u00e9nement. Offrez la possibilit\u00e9 \u00e0 vos invit\u00e9s de dormir sur place.<\/p>\n\n\n\n<p>Pas de limitation d\u2019horaires le jour de la r\u00e9ception.<\/p>\n\n\n\n<p><strong><em>Le Domaine de la Ville Huchet \u00e9tant un camping, la location de salle n\u2019est possible qu\u2019en p\u00e9riode de fermeture, de fin septembre \u00e0 fin f\u00e9vrier.<\/em><\/strong>&nbsp;<\/p>\n\n            <div class=\"gt-fse-lire-plus__gradient\" style=\"background: linear-gradient(to bottom,rgba(255,255,255,0) 0%,rgba(255,255,255,1) 100%);\"><\/div>\n        <\/div>\n    <\/div>\n    <\/div>\n<\/div>\n\n\n\n<div class=\"wp-block-column is-vertically-aligned-center is-layout-flow wp-block-column-is-layout-flow\">\n<div data-swiper=\"{&quot;speed&quot;:400,&quot;spaceBetween&quot;:16,&quot;slidesPerView&quot;:1,&quot;createElements&quot;:true,&quot;loop&quot;:true,&quot;freemode&quot;:true,&quot;navigation&quot;:{&quot;nextEl&quot;:false,&quot;prevEl&quot;:false},&quot;pagination&quot;:{&quot;el&quot;:&quot;.swiper-pagination&quot;,&quot;dynamicBullets&quot;:false},&quot;breakpoints&quot;:{&quot;0&quot;:{&quot;slidesPerView&quot;:1},&quot;1024&quot;:{&quot;slidesPerView&quot;:1}},&quot;bulletImages&quot;:[&quot;\\\/wp-content\\\/uploads\\\/2025\\\/10\\\/mh-huchet.jpg&quot;,&quot;\\\/wp-content\\\/uploads\\\/2025\\\/10\\\/emplacement-huchet.jpg&quot;,&quot;\\\/wp-content\\\/uploads\\\/2025\\\/10\\\/chalet-huchet.jpg&quot;,&quot;\\\/wp-content\\\/uploads\\\/2025\\\/10\\\/appartement.jpg&quot;],&quot;simulateTouch&quot;:false,&quot;autoplay&quot;:{&quot;delay&quot;:3000}}\" class=\"wp-block-group data-bullets gt-is-slider gt-is-slider-desktop is-layout-grid wp-container-core-group-is-layout-988b637e wp-block-group-is-layout-grid\" data-bullets=\"pres\">\n<figure class=\"wp-block-image size-full mh\"><img decoding=\"async\" width=\"820\" height=\"1000\" src=\"https:\/\/www.lavillehuchet.com\/wp-content\/uploads\/2025\/10\/camping-huchet-.jpg\" alt=\"camping huchet\" class=\"wp-image-330\" style=\"aspect-ratio:3\/4;object-fit:cover\" srcset=\"https:\/\/www.lavillehuchet.com\/wp-content\/uploads\/2025\/10\/camping-huchet-.jpg 820w, https:\/\/www.lavillehuchet.com\/wp-content\/uploads\/2025\/10\/camping-huchet--246x300.jpg 246w, https:\/\/www.lavillehuchet.com\/wp-content\/uploads\/2025\/10\/camping-huchet--768x937.jpg 768w\" sizes=\"(max-width: 820px) 100vw, 820px\" \/><\/figure>\n\n\n\n<figure class=\"wp-block-image size-full mh\"><img decoding=\"async\" width=\"2000\" height=\"1334\" src=\"https:\/\/www.lavillehuchet.com\/wp-content\/uploads\/2026\/02\/grande-salle-camping.jpg\" alt=\"grande salle camping\" class=\"wp-image-3318\" style=\"aspect-ratio:3\/4;object-fit:cover\" srcset=\"https:\/\/www.lavillehuchet.com\/wp-content\/uploads\/2026\/02\/grande-salle-camping.jpg 2000w, https:\/\/www.lavillehuchet.com\/wp-content\/uploads\/2026\/02\/grande-salle-camping-300x200.jpg 300w, https:\/\/www.lavillehuchet.com\/wp-content\/uploads\/2026\/02\/grande-salle-camping-1024x683.jpg 1024w, https:\/\/www.lavillehuchet.com\/wp-content\/uploads\/2026\/02\/grande-salle-camping-768x512.jpg 768w, https:\/\/www.lavillehuchet.com\/wp-content\/uploads\/2026\/02\/grande-salle-camping-1536x1025.jpg 1536w\" sizes=\"(max-width: 2000px) 100vw, 2000px\" \/><\/figure>\n\n\n\n<figure class=\"wp-block-image size-full emplacement\"><img decoding=\"async\" width=\"820\" height=\"1000\" src=\"https:\/\/www.lavillehuchet.com\/wp-content\/uploads\/2025\/10\/camping-huchet-exterieur.jpg\" alt=\"camping huchet ext\u00e9rieur\" class=\"wp-image-332\" style=\"aspect-ratio:3\/4;object-fit:cover\" srcset=\"https:\/\/www.lavillehuchet.com\/wp-content\/uploads\/2025\/10\/camping-huchet-exterieur.jpg 820w, https:\/\/www.lavillehuchet.com\/wp-content\/uploads\/2025\/10\/camping-huchet-exterieur-246x300.jpg 246w, https:\/\/www.lavillehuchet.com\/wp-content\/uploads\/2025\/10\/camping-huchet-exterieur-768x937.jpg 768w\" sizes=\"(max-width: 820px) 100vw, 820px\" \/><\/figure>\n\n\n\n<figure class=\"wp-block-image size-full appartement\"><img decoding=\"async\" width=\"2000\" height=\"1334\" src=\"https:\/\/www.lavillehuchet.com\/wp-content\/uploads\/2026\/02\/reception.jpg\" alt=\"reception\" class=\"wp-image-3319\" style=\"aspect-ratio:3\/4;object-fit:cover\" srcset=\"https:\/\/www.lavillehuchet.com\/wp-content\/uploads\/2026\/02\/reception.jpg 2000w, https:\/\/www.lavillehuchet.com\/wp-content\/uploads\/2026\/02\/reception-300x200.jpg 300w, https:\/\/www.lavillehuchet.com\/wp-content\/uploads\/2026\/02\/reception-1024x683.jpg 1024w, https:\/\/www.lavillehuchet.com\/wp-content\/uploads\/2026\/02\/reception-768x512.jpg 768w, https:\/\/www.lavillehuchet.com\/wp-content\/uploads\/2026\/02\/reception-1536x1025.jpg 1536w\" sizes=\"(max-width: 2000px) 100vw, 2000px\" \/><\/figure>\n<\/div>\n\n\n\n<div class=\"bloc-hebergements-bullets\" data-bullets=\"pres\"><\/div>\n<\/div>\n<\/div>\n<\/section>\n\n\n\n<section class=\"wp-block-group alignfull section-engagement is-layout-flow wp-block-group-is-layout-flow\" style=\"padding-top:var(--wp--preset--spacing--50);padding-right:var(--wp--preset--spacing--50);padding-bottom:var(--wp--preset--spacing--50);padding-left:var(--wp--preset--spacing--50)\">\n<div data-swiper=\"{&quot;speed&quot;:1000,&quot;autoplay&quot;:{&quot;delay&quot;:5000,&quot;disableOnInteraction&quot;:false},&quot;spaceBetween&quot;:0,&quot;slidesPerView&quot;:1,&quot;pagination&quot;:{&quot;el&quot;:&quot;.swiper-pagination&quot;,&quot;dynamicBullets&quot;:true,&quot;clickable&quot;:true,&quot;type&quot;:&quot;bullets&quot;},&quot;navigation&quot;:{&quot;nextEl&quot;:&quot;.swiper-button-next&quot;,&quot;prevEl&quot;:&quot;.swiper-button-prev&quot;},&quot;breakpoints&quot;:[{&quot;slidesPerView&quot;:1}]}\" class=\"wp-block-cover has-parallax\" style=\"padding-top:var(--wp--preset--spacing--60);padding-right:0px;padding-bottom:var(--wp--preset--spacing--60);padding-left:0px\"><div role=\"img\" aria-label=\"location de salle saint malo\" class=\"wp-block-cover__image-background wp-image-3294 size-full has-parallax\" style=\"background-position:50% 50%;background-image:url(https:\/\/www.lavillehuchet.com\/wp-content\/uploads\/2026\/02\/location-de-salle-saint-malo.jpg)\"><\/div><span aria-hidden=\"true\" class=\"wp-block-cover__background has-black-background-color has-background-dim-30 has-background-dim\"><\/span><div class=\"wp-block-cover__inner-container has-global-padding is-layout-constrained wp-container-core-cover-is-layout-c82568c3 wp-block-cover-is-layout-constrained\">\n<div class=\"wp-block-columns alignfull is-layout-flex wp-container-core-columns-is-layout-28f84493 wp-block-columns-is-layout-flex\">\n<div class=\"wp-block-column is-layout-flow wp-block-column-is-layout-flow\" style=\"flex-basis:55%\">\n<div class=\"wp-block-group is-vertical is-content-justification-right is-layout-flex wp-container-core-group-is-layout-c0d519fa wp-block-group-is-layout-flex\">\n<div class=\"wp-block-group has-global-padding is-layout-constrained wp-container-core-group-is-layout-e1ac5de0 wp-block-group-is-layout-constrained\" style=\"padding-right:var(--wp--preset--spacing--10);padding-left:var(--wp--preset--spacing--30)\">\n<h2 class=\"wp-block-heading slogan has-bile-font-family\" style=\"font-size:clamp(57.464px, 3.592rem + ((1vw - 3.2px) * 6.41), 119px);line-height:.8\">H\u00e9bergements \u00e0 louer<\/h2>\n\n\n\n<h2 class=\"wp-block-heading has-bile-font-family has-x-large-font-size\" style=\"line-height:.8\">Pour votre \u00e9v\u00e8nement \u00e0 Saint-Malo<\/h2>\n<\/div>\n<\/div>\n<\/div>\n\n\n\n<div class=\"wp-block-column is-vertically-aligned-center has-base-background-color has-background is-layout-flow wp-block-column-is-layout-flow\" style=\"padding-top:var(--wp--preset--spacing--40);padding-right:var(--wp--preset--spacing--50);padding-bottom:var(--wp--preset--spacing--40);padding-left:var(--wp--preset--spacing--50);flex-basis:45%\">\n<p class=\"has-text-align-left has-contrast-color has-text-color has-link-color wp-elements-40ff054b3054a81e917e0f4630b14424\">Pour prolonger les festivit\u00e9s en toute s\u00e9r\u00e9nit\u00e9, nous mettons \u00e0 votre disposition <strong>six h\u00e9bergements 4 saisons sur place<\/strong>, parfaits pour loger une partie de vos invit\u00e9s. <\/p>\n\n\n\n<p class=\"has-text-align-left has-contrast-color has-text-color has-link-color wp-elements-37f57e1081003630f8cf8997e0adee1b\">En tant que camping, nous proposons des chalets tout confort install\u00e9s dans un cadre arbor\u00e9 et paisible, \u00e0 deux pas de la salle. C\u2019est une solution id\u00e9ale pour les familles ou les proches venant de loin, qui peuvent ainsi profiter pleinement de la soir\u00e9e sans contrainte de transport. <\/p>\n\n\n\n<p class=\"has-text-align-left has-contrast-color has-text-color has-link-color wp-elements-677907a1f197441760084f98be2d230d\">Le lendemain, chacun peut prendre le temps de se retrouver autour d\u2019un petit-d\u00e9jeuner ou savourer un r\u00e9veil au calme. Ces h\u00e9bergements sur site renforcent la convivialit\u00e9, simplifient l\u2019organisation et participent pleinement \u00e0 la r\u00e9ussite de votre \u00e9v\u00e9nement \u00e0 Saint-Malo.<\/p>\n\n\n\n<div class=\"wp-block-buttons btn-bleu is-layout-flex wp-block-buttons-is-layout-flex\">\n<div class=\"wp-block-button\"><a class=\"wp-block-button__link has-base-2-background-color has-background wp-element-button\" href=\"https:\/\/www.lavillehuchet.com\/fr\/hebergement\/chalet-tythome-4-5-pers\/\" style=\"border-radius:100px;padding-top:var(--wp--preset--spacing--10);padding-right:var(--wp--preset--spacing--20);padding-bottom:var(--wp--preset--spacing--10);padding-left:var(--wp--preset--spacing--20);text-transform:uppercase\" target=\"_blank\" rel=\"noreferrer noopener\">Voir les h\u00e9bergements<\/a><\/div>\n<\/div>\n<\/div>\n<\/div>\n<\/div><\/div>\n<\/section>\n\n\n\n<section class=\"wp-block-group alignwide section-cta is-layout-flow wp-block-group-is-layout-flow\" style=\"padding-top:var(--wp--preset--spacing--50);padding-bottom:var(--wp--preset--spacing--60)\">\n<h2 class=\"wp-block-heading has-text-align-center has-libre-franklin-font-family has-contrast-2-color has-text-color has-bile-font-family has-x-large-font-size\" style=\"margin-top:0px;margin-right:0px;margin-bottom:0px;margin-left:0px;font-style:normal;font-weight:400;line-height:1\">D\u00e9couvrez nos mobil-homes, <br>nos chalets et nos offres<\/h2>\n\n\n\n<div data-swiper=\"{&quot;speed&quot;:400,&quot;spaceBetween&quot;:&quot;50&quot;,&quot;slidesPerView&quot;:2,&quot;createElements&quot;:true,&quot;loop&quot;:true,&quot;navigation&quot;:{&quot;nextEl&quot;:&quot;buttonNext&quot;,&quot;prevEl&quot;:&quot;buttonPrev&quot;},&quot;breakpoints&quot;:{&quot;0&quot;:{&quot;slidesPerView&quot;:1},&quot;380&quot;:{&quot;slidesPerView&quot;:&quot;1&quot;},&quot;700&quot;:{&quot;slidesPerView&quot;:2}},&quot;pagination&quot;:{&quot;el&quot;:false},&quot;autoplay&quot;:{&quot;delay&quot;:3000}}\" data-wp-context=\"{}\" data-wp-interactive=\"core\/query\" data-wp-key=\"0\" data-wp-router-region=\"query-0\" class=\"wp-block-query alignwide gt-fse-maillage-query gt-is-slider gt-is-slider-mobile is-layout-flow wp-block-query-is-layout-flow\"><ul class=\"columns-3 gt-maillage wp-block-post-template is-layout-grid wp-container-core-post-template-is-layout-6d3fbd8f wp-block-post-template-is-layout-grid\"><li data-wp-key=\"post-template-item-1783\" class=\"wp-block-post post-1783 page type-page status-publish has-post-thumbnail hentry\">\n\n<figure class=\"wp-block-image has-custom-border gt-maillage__image\"><img decoding=\"async\" src=\"https:\/\/www.lavillehuchet.com\/wp-content\/uploads\/2026\/01\/hebergements-en-location-a-saint-malo.jpg\" alt=\"Brouillon auto\" class=\"has-border-color\" style=\"border-color:#ffffff;border-width:1px;aspect-ratio:1;object-fit:cover\"\/><\/figure>\n\n\n\n<div class=\"wp-block-group is-vertical is-layout-flex wp-container-core-group-is-layout-d82e7565 wp-block-group-is-layout-flex\" style=\"border-style:none;border-width:0px;margin-top:-125px;padding-top:var(--wp--preset--spacing--10);padding-right:var(--wp--preset--spacing--10);padding-bottom:var(--wp--preset--spacing--10);padding-left:var(--wp--preset--spacing--20)\">\n<figure class=\"wp-block-image is-resized\" style=\"margin-top:0px;margin-right:0px;margin-bottom:0px;margin-left:1px\"><img decoding=\"async\" src=\"data:image\/svg+xml,%3Csvg width=&quot;39&quot; height=&quot;3&quot; viewBox=&quot;0 0 39 3&quot; fill=&quot;none&quot; xmlns=&quot;http:\/\/www.w3.org\/2000\/svg&quot;%3E%3Cpath d=&quot;M1 1.5H38&quot; stroke=&quot;white&quot; stroke-width=&quot;2&quot; stroke-linecap=&quot;round&quot;\/%3E%3C\/svg%3E%0A\" alt=\"\" style=\"width:37px\"\/><\/figure>\n\n\n\n<p class=\"has-base-2-color has-text-color has-link-color has-bile-font-family wp-elements-cf5ab951bd977131603127aff92f57e8\" style=\"font-size:clamp(24.034px, 1.502rem + ((1vw - 3.2px) * 1.663), 40px);font-style:normal;font-weight:400;line-height:1;text-decoration:none\">Cabanes &amp; chalets<\/p>\n<\/div>\n\n\n<a class=\"is-style-lien-cover wp-block-read-more\" href=\"https:\/\/www.lavillehuchet.com\/fr\/cabanes-chalets\/\" target=\"_self\">Lire la suite<span class=\"screen-reader-text\">\u00a0: Cabanes, chalets et pods<\/span><\/a>\n<\/li><li data-wp-key=\"post-template-item-799\" class=\"wp-block-post post-799 page type-page status-publish has-post-thumbnail hentry\">\n\n<figure class=\"wp-block-image has-custom-border gt-maillage__image\"><img decoding=\"async\" src=\"https:\/\/www.lavillehuchet.com\/wp-content\/uploads\/2025\/10\/banner-promo-huchet-scaled.jpg\" alt=\"banner promo huchet\" class=\"has-border-color\" style=\"border-color:#ffffff;border-width:1px;aspect-ratio:1;object-fit:cover\"\/><\/figure>\n\n\n\n<div class=\"wp-block-group is-vertical is-layout-flex wp-container-core-group-is-layout-d82e7565 wp-block-group-is-layout-flex\" style=\"border-style:none;border-width:0px;margin-top:-125px;padding-top:var(--wp--preset--spacing--10);padding-right:var(--wp--preset--spacing--10);padding-bottom:var(--wp--preset--spacing--10);padding-left:var(--wp--preset--spacing--20)\">\n<figure class=\"wp-block-image is-resized\" style=\"margin-top:0px;margin-right:0px;margin-bottom:0px;margin-left:1px\"><img decoding=\"async\" src=\"data:image\/svg+xml,%3Csvg width=&quot;39&quot; height=&quot;3&quot; viewBox=&quot;0 0 39 3&quot; fill=&quot;none&quot; xmlns=&quot;http:\/\/www.w3.org\/2000\/svg&quot;%3E%3Cpath d=&quot;M1 1.5H38&quot; stroke=&quot;white&quot; stroke-width=&quot;2&quot; stroke-linecap=&quot;round&quot;\/%3E%3C\/svg%3E%0A\" alt=\"\" style=\"width:37px\"\/><\/figure>\n\n\n\n<p class=\"has-base-2-color has-text-color has-link-color has-bile-font-family wp-elements-cf5ab951bd977131603127aff92f57e8\" style=\"font-size:clamp(24.034px, 1.502rem + ((1vw - 3.2px) * 1.663), 40px);font-style:normal;font-weight:400;line-height:1;text-decoration:none\">Nos locatifs<\/p>\n<\/div>\n\n\n<a class=\"is-style-lien-cover wp-block-read-more\" href=\"https:\/\/www.lavillehuchet.com\/fr\/location-mobil-home-saintmalo\/\" target=\"_self\">Lire la suite<span class=\"screen-reader-text\">\u00a0: Locatifs<\/span><\/a>\n<\/li><li data-wp-key=\"post-template-item-1800\" class=\"wp-block-post post-1800 page type-page status-publish has-post-thumbnail hentry\">\n\n<figure class=\"wp-block-image has-custom-border gt-maillage__image\"><img decoding=\"async\" src=\"https:\/\/www.lavillehuchet.com\/wp-content\/uploads\/2025\/12\/Saint-Coulomb_Le-Tiroir-de-Josephine-scaled.jpg\" alt=\"Nos offres\" class=\"has-border-color\" style=\"border-color:#ffffff;border-width:1px;aspect-ratio:1;object-fit:cover\"\/><\/figure>\n\n\n\n<div class=\"wp-block-group is-vertical is-layout-flex wp-container-core-group-is-layout-d82e7565 wp-block-group-is-layout-flex\" style=\"border-style:none;border-width:0px;margin-top:-125px;padding-top:var(--wp--preset--spacing--10);padding-right:var(--wp--preset--spacing--10);padding-bottom:var(--wp--preset--spacing--10);padding-left:var(--wp--preset--spacing--20)\">\n<figure class=\"wp-block-image is-resized\" style=\"margin-top:0px;margin-right:0px;margin-bottom:0px;margin-left:1px\"><img decoding=\"async\" src=\"data:image\/svg+xml,%3Csvg width=&quot;39&quot; height=&quot;3&quot; viewBox=&quot;0 0 39 3&quot; fill=&quot;none&quot; xmlns=&quot;http:\/\/www.w3.org\/2000\/svg&quot;%3E%3Cpath d=&quot;M1 1.5H38&quot; stroke=&quot;white&quot; stroke-width=&quot;2&quot; stroke-linecap=&quot;round&quot;\/%3E%3C\/svg%3E%0A\" alt=\"\" style=\"width:37px\"\/><\/figure>\n\n\n\n<p class=\"has-base-2-color has-text-color has-link-color has-bile-font-family wp-elements-cf5ab951bd977131603127aff92f57e8\" style=\"font-size:clamp(24.034px, 1.502rem + ((1vw - 3.2px) * 1.663), 40px);font-style:normal;font-weight:400;line-height:1;text-decoration:none\">Nos offres<\/p>\n<\/div>\n\n\n<a class=\"is-style-lien-cover wp-block-read-more\" href=\"https:\/\/www.lavillehuchet.com\/fr\/offres-et-actualites\/\" target=\"_self\">Lire la suite<span class=\"screen-reader-text\">\u00a0: Offres et actualit\u00e9s<\/span><\/a>\n<\/li><\/ul><\/div>\n<\/section>\n","protected":false},"excerpt":{"rendered":"<p>Location de salle Pour \u00e9v\u00e9nements et mariages \u00e0 Saint-Malo Location de salle \u00e0 Saint-Malo Pour vos mariages, f\u00eates ou anniversaires, notre camping \u00e0 Saint-Malo vous propose la location d\u2019une salle de caract\u00e8re pour un week end \u00e0 Saint-Malo, dans le quartier sud de Quelmer. Notre salle chauff\u00e9e de 220\u2009m\u00b2 peut accueillir jusqu\u2019\u00e0 140 personnes. Magnifique [&hellip;]<\/p>\n","protected":false},"author":1,"featured_media":2510,"parent":0,"menu_order":0,"comment_status":"closed","ping_status":"closed","template":"","meta":{"_seopress_robots_primary_cat":"","_seopress_titles_title":"Location de salle pour mariage, soir\u00e9e priv\u00e9e espace traiteur \u00e0 Saint-Malo - La Ville Huchet","_seopress_titles_desc":"","_seopress_robots_index":"","inline_featured_image":false,"gt_fse_maillage_image":"https:\/\/www.lavillehuchet.com\/wp-content\/uploads\/2026\/01\/evenements-a-saint-malo.jpg","gt_fse_maillage_titre":"Brouillon auto","gt_fse_maillage_alt":"Brouillon auto","gt_fse_maillage_resume":"","footnotes":""},"categories":[],"tags":[],"class_list":["post-1706","page","type-page","status-publish","has-post-thumbnail","hentry"],"_links":{"self":[{"href":"https:\/\/www.lavillehuchet.com\/fr\/wp-json\/wp\/v2\/pages\/1706","targetHints":{"allow":["GET"]}}],"collection":[{"href":"https:\/\/www.lavillehuchet.com\/fr\/wp-json\/wp\/v2\/pages"}],"about":[{"href":"https:\/\/www.lavillehuchet.com\/fr\/wp-json\/wp\/v2\/types\/page"}],"author":[{"embeddable":true,"href":"https:\/\/www.lavillehuchet.com\/fr\/wp-json\/wp\/v2\/users\/1"}],"replies":[{"embeddable":true,"href":"https:\/\/www.lavillehuchet.com\/fr\/wp-json\/wp\/v2\/comments?post=1706"}],"version-history":[{"count":28,"href":"https:\/\/www.lavillehuchet.com\/fr\/wp-json\/wp\/v2\/pages\/1706\/revisions"}],"predecessor-version":[{"id":5395,"href":"https:\/\/www.lavillehuchet.com\/fr\/wp-json\/wp\/v2\/pages\/1706\/revisions\/5395"}],"wp:featuredmedia":[{"embeddable":true,"href":"https:\/\/www.lavillehuchet.com\/fr\/wp-json\/wp\/v2\/media\/2510"}],"wp:attachment":[{"href":"https:\/\/www.lavillehuchet.com\/fr\/wp-json\/wp\/v2\/media?parent=1706"}],"wp:term":[{"taxonomy":"category","embeddable":true,"href":"https:\/\/www.lavillehuchet.com\/fr\/wp-json\/wp\/v2\/categories?post=1706"},{"taxonomy":"post_tag","embeddable":true,"href":"https:\/\/www.lavillehuchet.com\/fr\/wp-json\/wp\/v2\/tags?post=1706"}],"curies":[{"name":"wp","href":"https:\/\/api.w.org\/{rel}","templated":true}]}}