{"id":1800,"date":"2025-12-30T12:19:10","date_gmt":"2025-12-30T11:19:10","guid":{"rendered":"https:\/\/www.lavillehuchet.com\/?page_id=1800"},"modified":"2026-03-16T11:53:16","modified_gmt":"2026-03-16T10:53:16","slug":"offres-et-actualites","status":"publish","type":"page","link":"https:\/\/www.lavillehuchet.com\/fr\/offres-et-actualites\/","title":{"rendered":"Offres et actualit\u00e9s"},"content":{"rendered":"\n<section class=\"wp-block-group alignfull has-base-background-color has-background is-layout-flow wp-block-group-is-layout-flow\" style=\"margin-top:0px;padding-top:var(--wp--preset--spacing--30);padding-right:var(--wp--preset--spacing--50);padding-bottom:0;padding-left:var(--wp--preset--spacing--50)\">\n<h1 class=\"wp-block-heading has-text-align-center has-contrast-2-color has-text-color has-link-color has-bile-font-family wp-elements-9040496f6970dacdc7b2dd22b0edeb00\" style=\"padding-top:0;padding-bottom:var(--wp--preset--spacing--20);font-size:clamp(43.315px, 2.707rem + ((1vw - 3.2px) * 4.134), 83px);\">D\u00e9couvrir nos offres<\/h1>\n\n\n\n<div class=\"wp-block-query animated fadeIn is-layout-flow wp-block-query-is-layout-flow\"><ul class=\"columns-3 wp-block-post-template is-layout-grid wp-container-core-post-template-is-layout-6d3fbd8f wp-block-post-template-is-layout-grid\"><li class=\"wp-block-post post-5681 post type-post status-publish format-standard has-post-thumbnail hentry category-offres-et-actus\">\n<figure style=\"aspect-ratio:16\/9;\" class=\"wp-block-post-featured-image\"><img decoding=\"async\" width=\"1200\" height=\"797\" src=\"https:\/\/www.lavillehuchet.com\/wp-content\/uploads\/2026\/01\/ville-huchet-activity-02.jpg\" class=\"attachment-post-thumbnail size-post-thumbnail wp-post-image\" alt=\"ville huchet activity 02\" style=\"width:100%;height:100%;object-fit:cover;\" srcset=\"https:\/\/www.lavillehuchet.com\/wp-content\/uploads\/2026\/01\/ville-huchet-activity-02.jpg 1200w, https:\/\/www.lavillehuchet.com\/wp-content\/uploads\/2026\/01\/ville-huchet-activity-02-300x199.jpg 300w, https:\/\/www.lavillehuchet.com\/wp-content\/uploads\/2026\/01\/ville-huchet-activity-02-1024x680.jpg 1024w, https:\/\/www.lavillehuchet.com\/wp-content\/uploads\/2026\/01\/ville-huchet-activity-02-768x510.jpg 768w\" sizes=\"(max-width: 1200px) 100vw, 1200px\" \/><\/figure>\n\n\n<div class=\"wp-block-group categ-article has-global-padding is-layout-constrained wp-container-core-group-is-layout-c5ce4580 wp-block-group-is-layout-constrained\" style=\"margin-top:-80px;padding-bottom:var(--wp--preset--spacing--30)\"><div style=\"background-color:#1378a0b3;font-style:normal;font-weight:500;line-height:1;text-transform:uppercase;letter-spacing:0.8px;border-radius:100px;border-style:none;border-width:0px;padding-top:var(--wp--preset--spacing--10);padding-bottom:var(--wp--preset--spacing--10);padding-left:0;padding-right:0\" class=\"taxonomy-category has-text-align-center has-link-color wp-elements-39041ba07fcd75605268e474c7c51f2c wp-block-post-terms has-text-color has-base-color has-background has-medium-font-size\"><a href=\"https:\/\/www.lavillehuchet.com\/fr\/offres-et-actus\/\" rel=\"tag\">Offres et actus<\/a><\/div><\/div>\n\n\n\n<div class=\"wp-block-group is-nowrap is-layout-flex wp-container-core-group-is-layout-1bce2238 wp-block-group-is-layout-flex\" style=\"margin-top:0;margin-bottom:0;padding-right:var(--wp--preset--spacing--20);padding-left:var(--wp--preset--spacing--20)\">\n<figure class=\"wp-block-image size-large wp-duotone-c2a990-ffffff-1\"><img decoding=\"async\" src=\"https:\/\/www.maisonsur.com\/wp-content\/uploads\/2025\/07\/stash_calendar-solid.svg\" alt=\"stash calendar solid\" class=\"wp-image-1900\"\/><\/figure>\n\n\n<div style=\"line-height:1.6;text-transform:uppercase;letter-spacing:1px;\" class=\"has-link-color wp-elements-191c4511df72964c5478d77ec0f22286 wp-block-post-date has-text-color has-contrast-2-color has-medium-font-size has-futura-pt-font-family\"><time datetime=\"2026-04-10T12:42:36+02:00\">10 avril 2026<\/time><\/div><\/div>\n\n\n<h2 style=\"font-size:clamp(14px, 0.875rem + ((1vw - 3.2px) * 0.625), 20px);font-style:normal;font-weight:700;line-height:1.4;text-transform:uppercase; padding-right:var(--wp--preset--spacing--20);padding-left:var(--wp--preset--spacing--20);\" class=\"wp-block-post-title has-gotham-font-family\">Pentec\u00f4te<\/h2>\n\n<div style=\"padding-right:var(--wp--preset--spacing--20);padding-left:var(--wp--preset--spacing--20);\" class=\"wp-block-post-excerpt has-futura-pt-font-family\"><p class=\"wp-block-post-excerpt__excerpt\">Week-end de pentec\u00f4te \u00e0 Saint Malo votre camping 4 \u00e9toiles en Bretagne Le week-end de la Pentec\u00f4te 2026 s&rsquo;\u00e9tend du vendredi 22 mai au lundi\u2026 <a class=\"wp-block-post-excerpt__more-link\" href=\"https:\/\/www.lavillehuchet.com\/fr\/offres-et-actus\/pentecote\/\">Lire plus<\/a><\/p><\/div>\n\n<a class=\"is-style-lien-cover wp-block-read-more\" href=\"https:\/\/www.lavillehuchet.com\/fr\/offres-et-actus\/pentecote\/\" target=\"_self\">Lire la suite<span class=\"screen-reader-text\">\u00a0: Pentec\u00f4te<\/span><\/a>\n<\/li><li class=\"wp-block-post post-5664 post type-post status-publish format-standard has-post-thumbnail hentry category-offres-et-actus\">\n<figure style=\"aspect-ratio:16\/9;\" class=\"wp-block-post-featured-image\"><img decoding=\"async\" width=\"2000\" height=\"1320\" src=\"https:\/\/www.lavillehuchet.com\/wp-content\/uploads\/2026\/01\/ville-huchet-camping-2.jpg\" class=\"attachment-post-thumbnail size-post-thumbnail wp-post-image\" alt=\"ville huchet camping\" style=\"width:100%;height:100%;object-fit:cover;\" srcset=\"https:\/\/www.lavillehuchet.com\/wp-content\/uploads\/2026\/01\/ville-huchet-camping-2.jpg 2000w, https:\/\/www.lavillehuchet.com\/wp-content\/uploads\/2026\/01\/ville-huchet-camping-2-300x198.jpg 300w, https:\/\/www.lavillehuchet.com\/wp-content\/uploads\/2026\/01\/ville-huchet-camping-2-1024x676.jpg 1024w, https:\/\/www.lavillehuchet.com\/wp-content\/uploads\/2026\/01\/ville-huchet-camping-2-768x507.jpg 768w, https:\/\/www.lavillehuchet.com\/wp-content\/uploads\/2026\/01\/ville-huchet-camping-2-1536x1014.jpg 1536w\" sizes=\"(max-width: 2000px) 100vw, 2000px\" \/><\/figure>\n\n\n<div class=\"wp-block-group categ-article has-global-padding is-layout-constrained wp-container-core-group-is-layout-c5ce4580 wp-block-group-is-layout-constrained\" style=\"margin-top:-80px;padding-bottom:var(--wp--preset--spacing--30)\"><div style=\"background-color:#1378a0b3;font-style:normal;font-weight:500;line-height:1;text-transform:uppercase;letter-spacing:0.8px;border-radius:100px;border-style:none;border-width:0px;padding-top:var(--wp--preset--spacing--10);padding-bottom:var(--wp--preset--spacing--10);padding-left:0;padding-right:0\" class=\"taxonomy-category has-text-align-center has-link-color wp-elements-39041ba07fcd75605268e474c7c51f2c wp-block-post-terms has-text-color has-base-color has-background has-medium-font-size\"><a href=\"https:\/\/www.lavillehuchet.com\/fr\/offres-et-actus\/\" rel=\"tag\">Offres et actus<\/a><\/div><\/div>\n\n\n\n<div class=\"wp-block-group is-nowrap is-layout-flex wp-container-core-group-is-layout-1bce2238 wp-block-group-is-layout-flex\" style=\"margin-top:0;margin-bottom:0;padding-right:var(--wp--preset--spacing--20);padding-left:var(--wp--preset--spacing--20)\">\n<figure class=\"wp-block-image size-large wp-duotone-c2a990-ffffff-2\"><img decoding=\"async\" src=\"https:\/\/www.maisonsur.com\/wp-content\/uploads\/2025\/07\/stash_calendar-solid.svg\" alt=\"stash calendar solid\" class=\"wp-image-1900\"\/><\/figure>\n\n\n<div style=\"line-height:1.6;text-transform:uppercase;letter-spacing:1px;\" class=\"has-link-color wp-elements-191c4511df72964c5478d77ec0f22286 wp-block-post-date has-text-color has-contrast-2-color has-medium-font-size has-futura-pt-font-family\"><time datetime=\"2026-04-10T11:21:00+02:00\">10 avril 2026<\/time><\/div><\/div>\n\n\n<h2 style=\"font-size:clamp(14px, 0.875rem + ((1vw - 3.2px) * 0.625), 20px);font-style:normal;font-weight:700;line-height:1.4;text-transform:uppercase; padding-right:var(--wp--preset--spacing--20);padding-left:var(--wp--preset--spacing--20);\" class=\"wp-block-post-title has-gotham-font-family\">Ascension \u00e0 Saint Malo<\/h2>\n\n<div style=\"padding-right:var(--wp--preset--spacing--20);padding-left:var(--wp--preset--spacing--20);\" class=\"wp-block-post-excerpt has-futura-pt-font-family\"><p class=\"wp-block-post-excerpt__excerpt\">Pont de l&rsquo;Ascension \u00e0 Saint Malo Vos premi\u00e8res vraies vacances de l&rsquo;ann\u00e9e Vos premi\u00e8res vraies vacances de l&rsquo;ann\u00e9e Le pont de l&rsquo;Ascension 2026 tombe du\u2026 <a class=\"wp-block-post-excerpt__more-link\" href=\"https:\/\/www.lavillehuchet.com\/fr\/offres-et-actus\/ascension-a-saint-malo\/\">Lire plus<\/a><\/p><\/div>\n\n<a class=\"is-style-lien-cover wp-block-read-more\" href=\"https:\/\/www.lavillehuchet.com\/fr\/offres-et-actus\/ascension-a-saint-malo\/\" target=\"_self\">Lire la suite<span class=\"screen-reader-text\">\u00a0: Ascension \u00e0 Saint Malo<\/span><\/a>\n<\/li><li class=\"wp-block-post post-5658 post type-post status-publish format-standard has-post-thumbnail hentry category-offres-et-actus\">\n<figure style=\"aspect-ratio:16\/9;\" class=\"wp-block-post-featured-image\"><img decoding=\"async\" width=\"2000\" height=\"1126\" src=\"https:\/\/www.lavillehuchet.com\/wp-content\/uploads\/2026\/04\/Saint-Malo-avril-2026-plage.jpeg\" class=\"attachment-post-thumbnail size-post-thumbnail wp-post-image\" alt=\"Saint Malo avril 2026 plage\" style=\"width:100%;height:100%;object-fit:cover;\" srcset=\"https:\/\/www.lavillehuchet.com\/wp-content\/uploads\/2026\/04\/Saint-Malo-avril-2026-plage.jpeg 2000w, https:\/\/www.lavillehuchet.com\/wp-content\/uploads\/2026\/04\/Saint-Malo-avril-2026-plage-300x169.jpeg 300w, https:\/\/www.lavillehuchet.com\/wp-content\/uploads\/2026\/04\/Saint-Malo-avril-2026-plage-1024x577.jpeg 1024w, https:\/\/www.lavillehuchet.com\/wp-content\/uploads\/2026\/04\/Saint-Malo-avril-2026-plage-768x432.jpeg 768w, https:\/\/www.lavillehuchet.com\/wp-content\/uploads\/2026\/04\/Saint-Malo-avril-2026-plage-1536x865.jpeg 1536w\" sizes=\"(max-width: 2000px) 100vw, 2000px\" \/><\/figure>\n\n\n<div class=\"wp-block-group categ-article has-global-padding is-layout-constrained wp-container-core-group-is-layout-c5ce4580 wp-block-group-is-layout-constrained\" style=\"margin-top:-80px;padding-bottom:var(--wp--preset--spacing--30)\"><div style=\"background-color:#1378a0b3;font-style:normal;font-weight:500;line-height:1;text-transform:uppercase;letter-spacing:0.8px;border-radius:100px;border-style:none;border-width:0px;padding-top:var(--wp--preset--spacing--10);padding-bottom:var(--wp--preset--spacing--10);padding-left:0;padding-right:0\" class=\"taxonomy-category has-text-align-center has-link-color wp-elements-39041ba07fcd75605268e474c7c51f2c wp-block-post-terms has-text-color has-base-color has-background has-medium-font-size\"><a href=\"https:\/\/www.lavillehuchet.com\/fr\/offres-et-actus\/\" rel=\"tag\">Offres et actus<\/a><\/div><\/div>\n\n\n\n<div class=\"wp-block-group is-nowrap is-layout-flex wp-container-core-group-is-layout-1bce2238 wp-block-group-is-layout-flex\" style=\"margin-top:0;margin-bottom:0;padding-right:var(--wp--preset--spacing--20);padding-left:var(--wp--preset--spacing--20)\">\n<figure class=\"wp-block-image size-large wp-duotone-c2a990-ffffff-3\"><img decoding=\"async\" src=\"https:\/\/www.maisonsur.com\/wp-content\/uploads\/2025\/07\/stash_calendar-solid.svg\" alt=\"stash calendar solid\" class=\"wp-image-1900\"\/><\/figure>\n\n\n<div style=\"line-height:1.6;text-transform:uppercase;letter-spacing:1px;\" class=\"has-link-color wp-elements-191c4511df72964c5478d77ec0f22286 wp-block-post-date has-text-color has-contrast-2-color has-medium-font-size has-futura-pt-font-family\"><time datetime=\"2026-04-10T10:35:38+02:00\">10 avril 2026<\/time><\/div><\/div>\n\n\n<h2 style=\"font-size:clamp(14px, 0.875rem + ((1vw - 3.2px) * 0.625), 20px);font-style:normal;font-weight:700;line-height:1.4;text-transform:uppercase; padding-right:var(--wp--preset--spacing--20);padding-left:var(--wp--preset--spacing--20);\" class=\"wp-block-post-title has-gotham-font-family\">Week-end 8 mai \u00e0 Saint Malo<\/h2>\n\n<div style=\"padding-right:var(--wp--preset--spacing--20);padding-left:var(--wp--preset--spacing--20);\" class=\"wp-block-post-excerpt has-futura-pt-font-family\"><p class=\"wp-block-post-excerpt__excerpt\">Week-end du 8 mai \u00e0 Saint Malo une ville charg\u00e9e d&rsquo;histoire Le 8 mai porte une date. Et Saint-Malo, plus que beaucoup d&rsquo;autres villes, lui\u2026 <a class=\"wp-block-post-excerpt__more-link\" href=\"https:\/\/www.lavillehuchet.com\/fr\/offres-et-actus\/week-end-8-mai-a-saint-malo\/\">Lire plus<\/a><\/p><\/div>\n\n<a class=\"is-style-lien-cover wp-block-read-more\" href=\"https:\/\/www.lavillehuchet.com\/fr\/offres-et-actus\/week-end-8-mai-a-saint-malo\/\" target=\"_self\">Lire la suite<span class=\"screen-reader-text\">\u00a0: Week-end 8 mai \u00e0 Saint Malo<\/span><\/a>\n<\/li><li class=\"wp-block-post post-5611 post type-post status-publish format-standard has-post-thumbnail hentry category-offres-et-actus\">\n<figure style=\"aspect-ratio:16\/9;\" class=\"wp-block-post-featured-image\"><img decoding=\"async\" width=\"2000\" height=\"1126\" src=\"https:\/\/www.lavillehuchet.com\/wp-content\/uploads\/2026\/04\/Saint-Malo-avril-2026.jpeg\" class=\"attachment-post-thumbnail size-post-thumbnail wp-post-image\" alt=\"Saint Malo avril 2026\" style=\"width:100%;height:100%;object-fit:cover;\" srcset=\"https:\/\/www.lavillehuchet.com\/wp-content\/uploads\/2026\/04\/Saint-Malo-avril-2026.jpeg 2000w, https:\/\/www.lavillehuchet.com\/wp-content\/uploads\/2026\/04\/Saint-Malo-avril-2026-300x169.jpeg 300w, https:\/\/www.lavillehuchet.com\/wp-content\/uploads\/2026\/04\/Saint-Malo-avril-2026-1024x577.jpeg 1024w, https:\/\/www.lavillehuchet.com\/wp-content\/uploads\/2026\/04\/Saint-Malo-avril-2026-768x432.jpeg 768w, https:\/\/www.lavillehuchet.com\/wp-content\/uploads\/2026\/04\/Saint-Malo-avril-2026-1536x865.jpeg 1536w\" sizes=\"(max-width: 2000px) 100vw, 2000px\" \/><\/figure>\n\n\n<div class=\"wp-block-group categ-article has-global-padding is-layout-constrained wp-container-core-group-is-layout-c5ce4580 wp-block-group-is-layout-constrained\" style=\"margin-top:-80px;padding-bottom:var(--wp--preset--spacing--30)\"><div style=\"background-color:#1378a0b3;font-style:normal;font-weight:500;line-height:1;text-transform:uppercase;letter-spacing:0.8px;border-radius:100px;border-style:none;border-width:0px;padding-top:var(--wp--preset--spacing--10);padding-bottom:var(--wp--preset--spacing--10);padding-left:0;padding-right:0\" class=\"taxonomy-category has-text-align-center has-link-color wp-elements-39041ba07fcd75605268e474c7c51f2c wp-block-post-terms has-text-color has-base-color has-background has-medium-font-size\"><a href=\"https:\/\/www.lavillehuchet.com\/fr\/offres-et-actus\/\" rel=\"tag\">Offres et actus<\/a><\/div><\/div>\n\n\n\n<div class=\"wp-block-group is-nowrap is-layout-flex wp-container-core-group-is-layout-1bce2238 wp-block-group-is-layout-flex\" style=\"margin-top:0;margin-bottom:0;padding-right:var(--wp--preset--spacing--20);padding-left:var(--wp--preset--spacing--20)\">\n<figure class=\"wp-block-image size-large wp-duotone-c2a990-ffffff-4\"><img decoding=\"async\" src=\"https:\/\/www.maisonsur.com\/wp-content\/uploads\/2025\/07\/stash_calendar-solid.svg\" alt=\"stash calendar solid\" class=\"wp-image-1900\"\/><\/figure>\n\n\n<div style=\"line-height:1.6;text-transform:uppercase;letter-spacing:1px;\" class=\"has-link-color wp-elements-191c4511df72964c5478d77ec0f22286 wp-block-post-date has-text-color has-contrast-2-color has-medium-font-size has-futura-pt-font-family\"><time datetime=\"2026-04-09T16:13:21+02:00\">9 avril 2026<\/time><\/div><\/div>\n\n\n<h2 style=\"font-size:clamp(14px, 0.875rem + ((1vw - 3.2px) * 0.625), 20px);font-style:normal;font-weight:700;line-height:1.4;text-transform:uppercase; padding-right:var(--wp--preset--spacing--20);padding-left:var(--wp--preset--spacing--20);\" class=\"wp-block-post-title has-gotham-font-family\">Week-end 1er mai<\/h2>\n\n<div style=\"padding-right:var(--wp--preset--spacing--20);padding-left:var(--wp--preset--spacing--20);\" class=\"wp-block-post-excerpt has-futura-pt-font-family\"><p class=\"wp-block-post-excerpt__excerpt\">Week-end du 1er mai \u00e0 Saint Malo Le camping qui r\u00e9veille la saison Il y a des week-ends o\u00f9 l&rsquo;on sait, d\u00e8s le jeudi soir,\u2026 <a class=\"wp-block-post-excerpt__more-link\" href=\"https:\/\/www.lavillehuchet.com\/fr\/offres-et-actus\/5611\/\">Lire plus<\/a><\/p><\/div>\n\n<a class=\"is-style-lien-cover wp-block-read-more\" href=\"https:\/\/www.lavillehuchet.com\/fr\/offres-et-actus\/5611\/\" target=\"_self\">Lire la suite<span class=\"screen-reader-text\">\u00a0: Week-end 1er mai<\/span><\/a>\n<\/li><\/ul>\n\n\n\n<\/div>\n<\/section>\n\n\n\n<section class=\"wp-block-group alignfull section-heberg has-base-background-color has-background is-layout-flow wp-block-group-is-layout-flow\" style=\"padding-top:0;padding-right:var(--wp--preset--spacing--50);padding-bottom:var(--wp--preset--spacing--60);padding-left:var(--wp--preset--spacing--50)\">\n<thr-favorites><\/thr-favorites>\n<script>\n  (function(t,h,e,l,i,s,R,E,S,A){\n      t[i]={},t[i][s]=t[i][s]||function(){\n          if(1===arguments.length){return t[i].a[arguments[0]]||null}\n          else{t[i].a=t[i].a||[]; t[i].a[arguments[0]] = arguments[1];}\n      },\n          R=h.createElement(e),E=h.getElementsByTagName(e)[0];\n      R.async=1;R.src=l;E.parentNode.insertBefore(R,E)\n  })(window,document,\"script\",\"https:\/\/thelisresa.webcamp.fr\/ilib\/v4\/?categories&favorites&searchengine&simpleblock\",\"thelisresa\",\"ilib\");\n  thelisresa.ilib('camping', 'villehuchet35');\n  thelisresa.ilib('language', '');\n<\/script>\n<\/section>\n","protected":false},"excerpt":{"rendered":"<p>D\u00e9couvrir nos offres<\/p>\n","protected":false},"author":1,"featured_media":1651,"parent":0,"menu_order":0,"comment_status":"closed","ping_status":"closed","template":"","meta":{"_seopress_robots_primary_cat":"","_seopress_titles_title":"Offres du Domaine de la Ville Huchet - Bretagne vacances - La Ville Huchet","_seopress_titles_desc":"Offres du Camping de la Ville Huchet \u00e0 Saint-Malo","_seopress_robots_index":"","inline_featured_image":false,"gt_fse_maillage_image":"https:\/\/www.lavillehuchet.com\/wp-content\/uploads\/2025\/12\/Saint-Coulomb_Le-Tiroir-de-Josephine-scaled.jpg","gt_fse_maillage_titre":"Nos offres","gt_fse_maillage_alt":"Nos offres","gt_fse_maillage_resume":"","footnotes":""},"categories":[],"tags":[],"class_list":["post-1800","page","type-page","status-publish","has-post-thumbnail","hentry"],"_links":{"self":[{"href":"https:\/\/www.lavillehuchet.com\/fr\/wp-json\/wp\/v2\/pages\/1800","targetHints":{"allow":["GET"]}}],"collection":[{"href":"https:\/\/www.lavillehuchet.com\/fr\/wp-json\/wp\/v2\/pages"}],"about":[{"href":"https:\/\/www.lavillehuchet.com\/fr\/wp-json\/wp\/v2\/types\/page"}],"author":[{"embeddable":true,"href":"https:\/\/www.lavillehuchet.com\/fr\/wp-json\/wp\/v2\/users\/1"}],"replies":[{"embeddable":true,"href":"https:\/\/www.lavillehuchet.com\/fr\/wp-json\/wp\/v2\/comments?post=1800"}],"version-history":[{"count":21,"href":"https:\/\/www.lavillehuchet.com\/fr\/wp-json\/wp\/v2\/pages\/1800\/revisions"}],"predecessor-version":[{"id":5564,"href":"https:\/\/www.lavillehuchet.com\/fr\/wp-json\/wp\/v2\/pages\/1800\/revisions\/5564"}],"wp:featuredmedia":[{"embeddable":true,"href":"https:\/\/www.lavillehuchet.com\/fr\/wp-json\/wp\/v2\/media\/1651"}],"wp:attachment":[{"href":"https:\/\/www.lavillehuchet.com\/fr\/wp-json\/wp\/v2\/media?parent=1800"}],"wp:term":[{"taxonomy":"category","embeddable":true,"href":"https:\/\/www.lavillehuchet.com\/fr\/wp-json\/wp\/v2\/categories?post=1800"},{"taxonomy":"post_tag","embeddable":true,"href":"https:\/\/www.lavillehuchet.com\/fr\/wp-json\/wp\/v2\/tags?post=1800"}],"curies":[{"name":"wp","href":"https:\/\/api.w.org\/{rel}","templated":true}]}}