{"id":1804,"date":"2025-12-30T12:19:42","date_gmt":"2025-12-30T11:19:42","guid":{"rendered":"https:\/\/www.lavillehuchet.com\/?page_id=1804"},"modified":"2026-02-19T16:42:01","modified_gmt":"2026-02-19T15:42:01","slug":"mentions-legales","status":"publish","type":"page","link":"https:\/\/www.lavillehuchet.com\/fr\/mentions-legales\/","title":{"rendered":"Mentions l\u00e9gales"},"content":{"rendered":"\n<div class=\"wp-block-group alignfull section-heberg has-base-background-color has-background is-layout-flow wp-block-group-is-layout-flow\" style=\"padding-top:var(--wp--preset--spacing--50);padding-right:var(--wp--preset--spacing--50);padding-bottom:var(--wp--preset--spacing--60);padding-left:var(--wp--preset--spacing--50)\">\n<p><strong>Responsabilit\u00e9 des contenus l\u00e9gaux<\/strong><\/p>\n\n\n\n<p>En tant que propri\u00e9taire de votre site, il est de votre responsabilit\u00e9 de vous assurer que les pages Mentions l\u00e9gales et Politique de confidentialit\u00e9 sont en conformit\u00e9 avec les lois en vigueur, notamment le RGPD (R\u00e8glement G\u00e9n\u00e9ral sur la Protection des Donn\u00e9es) pour les sites collectant des donn\u00e9es personnelles. Ces pages doivent \u00eatre actualis\u00e9es r\u00e9guli\u00e8rement et refl\u00e9ter de mani\u00e8re transparente les informations l\u00e9gales et pratiques de votre entreprise, ainsi que les traitements de donn\u00e9es personnelles effectu\u00e9s.<\/p>\n\n\n\n<p>Notre agence peut vous accompagner dans la mise en place technique de ces pages, mais vous restez responsable du contenu juridique qui y figure. Nous vous recommandons vivement de consulter un expert juridique pour garantir que vos mentions l\u00e9gales et politique de confidentialit\u00e9 sont conformes \u00e0 la l\u00e9gislation applicable \u00e0 votre activit\u00e9. Contactez-nous si vous avez besoin, nous pourrons vous orienter vers une avocate partenaire.<\/p>\n\n\n\n<h1 class=\"wp-block-heading\">Mentions l\u00e9gales<\/h1>\n\n\n\n<p><strong>Raison sociale<\/strong><\/p>\n\n\n\n<p>SARL Ch\u00e2teau de la Ville Huchet<\/p>\n\n\n\n<p>Capital social de 36 000\u20ac<\/p>\n\n\n\n<p>N\u00b0 R.C.S. : B 421 730 235 RCS Saint Malo.<\/p>\n\n\n\n<p><strong>Adresse<\/strong><\/p>\n\n\n\n<p>Si\u00e8ge social : Camping de la Ville Huchet<\/p>\n\n\n\n<p>Route de la Passag\u00e8re, 35400 Saint Malo<\/p>\n\n\n\n<p>N\u00b0 de t\u00e9l\u00e9phone : 02.99.81.11.83<\/p>\n\n\n\n<p>N\u00b0 TVA intracommunautaire : FR 26.421.730.235.<\/p>\n\n\n\n<p>Site Internet : www.lavillehuchet.com<\/p>\n\n\n\n<p><strong>Droit d\u2019auteur \/ Copyright<\/strong><\/p>\n\n\n\n<p>L&rsquo;ensemble des donn\u00e9es, textes, informations, images, photographies ou tout autre contenu diffus\u00e9 sur le pr\u00e9sent site fait l&rsquo;objet d&rsquo;une protection au titre du droit de la propri\u00e9t\u00e9 intellectuelle. Par cons\u00e9quent, les internautes ne peuvent utiliser ces \u00e9l\u00e9ments qu&rsquo;\u00e0 des fins exclusivement priv\u00e9es (cercle familial) et sous r\u00e9serve de ne pas modifier de tels \u00e9l\u00e9ments.<\/p>\n\n\n\n<p>A l&rsquo;exception des dispositions ci-dessus, toute reproduction, repr\u00e9sentation, utilisation ou adaptation, sous quelque forme que ce soit, de tout ou partie des \u00e9l\u00e9ments du pr\u00e9sent site sans l&rsquo;accord \u00e9crit du Domaine de la Ville Huchet est constitutif d&rsquo;un acte de contrefa\u00e7on sanctionn\u00e9 par le Code de la Propri\u00e9t\u00e9 Intellectuelle.<\/p>\n\n\n\n<p>Toutes marques (marques nominales et logos) et tout autre signe distinctif qui apparaissent sur le pr\u00e9sent site sont la propri\u00e9t\u00e9 du Domaine de la Ville Huchet ou de ses partenaires. Par cons\u00e9quent, toute reproduction et\/ou repr\u00e9sentation, et tout usage de ces signes distinctifs sont prohib\u00e9s, sauf autorisation \u00e9crite de leur propri\u00e9taire.<\/p>\n\n\n\n<p>Ce site respecte le droit d&rsquo;auteur. Tous les droits des auteurs des oeuvres prot\u00e9g\u00e9es reproduites et communiqu\u00e9es sur ce site, sont r\u00e9serv\u00e9s. Sauf autorisation, toute utilisation des oeuvres autres que la reproduction et la consultation individuelles et priv\u00e9es sont interdites.<\/p>\n\n\n\n<p><strong>Responsabilit\u00e9<\/strong><\/p>\n\n\n\n<p>L&rsquo;ensemble des informations accessibles via ce site sont fournies en l&rsquo;\u00e9tat. Le Domaine de la Ville Huchet ne donne aucune garantie explicite ou implicite et n&rsquo;assume aucune responsabilit\u00e9 relative \u00e0 l&rsquo;utilisation de ces informations.<\/p>\n\n\n\n<p>L&rsquo;ensemble des photographies et documents illustrant les produits propos\u00e9s sur ce site ne sont pas contractuels et ne sauraient engager la responsabilit\u00e9 du Domaine de la Ville Huchet.<\/p>\n\n\n\n<p>L&rsquo;utilisateur s&rsquo;engage \u00e0 ne transmettre sur ce site aucune information pouvant entra\u00eener une responsabilit\u00e9 civile ou p\u00e9nale et s&rsquo;engage \u00e0 ce titre \u00e0 ne pas divulguer via ce site des informations ill\u00e9gales, contraires \u00e0 l&rsquo;ordre public ou diffamatoires.<\/p>\n\n\n\n<p><strong>Lien hypertexte<\/strong><\/p>\n\n\n\n<p>La mise en place de tout lien hypertexte vers tout ou partie du site www.lavillehuchet.com est strictement interdite, sauf autorisation pr\u00e9alable et \u00e9crite du Domaine de la Ville Huchet.<\/p>\n\n\n\n<p>Le Domaine de la Ville Huchet ne saurait \u00eatre tenu responsable du contenu, des donn\u00e9es, des produits et informations diverses propos\u00e9s \u00e0 travers les sites vers lesquels des liens hypertexte sont r\u00e9alis\u00e9s. En particulier, le Domaine de la Ville Huchet se d\u00e9gage de toute responsabilit\u00e9 relative aux sites dont les donn\u00e9es ne seraient pas conformes aux dispositions l\u00e9gales et r\u00e9glementaires en vigueur.<\/p>\n\n\n\n<p><strong>Donn\u00e9es personnelles<\/strong><\/p>\n\n\n\n<p>La Ville Huchet s\u2019engage \u00e0 respecter vos droits et \u00e0 ne pas vendre ni c\u00e9der \u00e0 des tiers les informations vous concernant, recueillies au cours de votre navigation sur notre site internet.<\/p>\n\n\n\n<p>Conform\u00e9ment \u00e0 la Loi Informatique et Libert\u00e9s du 6 janvier 1978 et au R\u00e8glement G\u00e9n\u00e9ral sur la Protection des Donn\u00e9es (RGPD), vous pouvez \u00e0 tout moment exercer vos droits relatifs \u00e0 vos donn\u00e9es personnelles en nous contactant \u00e0 l\u2019adresse info@lavillehuchet.com<\/p>\n\n\n\n<p>Pour en savoir plus, consultez notre page Politique de confidentialit\u00e9.<\/p>\n\n\n\n<p><strong>Cookies<\/strong><\/p>\n\n\n\n<p>La Ville Huchet utilise un syst\u00e8me de cookies respectueux de votre vie priv\u00e9e et conforme aux pr\u00e9conisations de la CNIL.<\/p>\n\n\n\n<p>Lors de votre connexion \u00e0 notre site internet, vous avez la possibilit\u00e9 d\u2019accepter ou de limiter la collecte de vos donn\u00e9es personnelles via ces cookies, initialement destin\u00e9s \u00e0 optimiser votre navigation.<\/p>\n\n\n\n<p>Pour en savoir plus, consultez notre page Politique de confidentialit\u00e9.<\/p>\n\n\n\n<p><strong>Messagerie<\/strong><\/p>\n\n\n\n<p>Pour toute remarque sur le fonctionnement du pr\u00e9sent site, vous pouvez contacter le webmaster<\/p>\n\n\n\n<p><strong>Cr\u00e9dits photos et vid\u00e9os<\/strong><\/p>\n\n\n\n<p>Photos non contractuelles.<\/p>\n\n\n\n<p>Peter Allan<\/p>\n\n\n\n<p>Yannick Le Gal<\/p>\n\n\n\n<p>Yannick Derennes<\/p>\n\n\n\n<p>Emmanuel Berthier<\/p>\n\n\n\n<p>Alexandre Lamoureux<\/p>\n\n\n\n<p>Pierre Torset<\/p>\n\n\n\n<p>Jacqueline Piriou<\/p>\n\n\n\n<p>Ronan Gladu<\/p>\n\n\n\n<p>Fotolia<\/p>\n\n\n\n<p>Istockphoto<\/p>\n\n\n\n<p>Fly HD<\/p>\n\n\n\n<p>O&rsquo;hara<\/p>\n\n\n\n<p>IRM<\/p>\n<\/div>\n","protected":false},"excerpt":{"rendered":"<p>Responsabilit\u00e9 des contenus l\u00e9gaux En tant que propri\u00e9taire de votre site, il est de votre responsabilit\u00e9 de vous assurer que les pages Mentions l\u00e9gales et Politique de confidentialit\u00e9 sont en conformit\u00e9 avec les lois en vigueur, notamment le RGPD (R\u00e8glement G\u00e9n\u00e9ral sur la Protection des Donn\u00e9es) pour les sites collectant des donn\u00e9es personnelles. Ces pages [&hellip;]<\/p>\n","protected":false},"author":1,"featured_media":2695,"parent":0,"menu_order":0,"comment_status":"closed","ping_status":"closed","template":"","meta":{"_seopress_robots_primary_cat":"","_seopress_titles_title":"Mentions l\u00e9gales","_seopress_titles_desc":"","_seopress_robots_index":"yes","inline_featured_image":false,"gt_fse_maillage_image":"https:\/\/www.lavillehuchet.com\/wp-content\/uploads\/2026\/01\/ville-huchet-tourisme-velo.jpg","gt_fse_maillage_titre":"Brouillon auto","gt_fse_maillage_alt":"Brouillon auto","gt_fse_maillage_resume":"","footnotes":""},"categories":[],"tags":[],"class_list":["post-1804","page","type-page","status-publish","has-post-thumbnail","hentry"],"_links":{"self":[{"href":"https:\/\/www.lavillehuchet.com\/fr\/wp-json\/wp\/v2\/pages\/1804","targetHints":{"allow":["GET"]}}],"collection":[{"href":"https:\/\/www.lavillehuchet.com\/fr\/wp-json\/wp\/v2\/pages"}],"about":[{"href":"https:\/\/www.lavillehuchet.com\/fr\/wp-json\/wp\/v2\/types\/page"}],"author":[{"embeddable":true,"href":"https:\/\/www.lavillehuchet.com\/fr\/wp-json\/wp\/v2\/users\/1"}],"replies":[{"embeddable":true,"href":"https:\/\/www.lavillehuchet.com\/fr\/wp-json\/wp\/v2\/comments?post=1804"}],"version-history":[{"count":6,"href":"https:\/\/www.lavillehuchet.com\/fr\/wp-json\/wp\/v2\/pages\/1804\/revisions"}],"predecessor-version":[{"id":2264,"href":"https:\/\/www.lavillehuchet.com\/fr\/wp-json\/wp\/v2\/pages\/1804\/revisions\/2264"}],"wp:featuredmedia":[{"embeddable":true,"href":"https:\/\/www.lavillehuchet.com\/fr\/wp-json\/wp\/v2\/media\/2695"}],"wp:attachment":[{"href":"https:\/\/www.lavillehuchet.com\/fr\/wp-json\/wp\/v2\/media?parent=1804"}],"wp:term":[{"taxonomy":"category","embeddable":true,"href":"https:\/\/www.lavillehuchet.com\/fr\/wp-json\/wp\/v2\/categories?post=1804"},{"taxonomy":"post_tag","embeddable":true,"href":"https:\/\/www.lavillehuchet.com\/fr\/wp-json\/wp\/v2\/tags?post=1804"}],"curies":[{"name":"wp","href":"https:\/\/api.w.org\/{rel}","templated":true}]}}