{"id":4057,"date":"2025-12-26T15:37:00","date_gmt":"2025-12-26T14:37:00","guid":{"rendered":"https:\/\/www.lavillehuchet.com\/evenements-et-mariages\/"},"modified":"2026-02-18T17:06:26","modified_gmt":"2026-02-18T16:06:26","slug":"evenementen-en-bruiloften","status":"publish","type":"page","link":"https:\/\/www.lavillehuchet.com\/nl\/evenementen-en-bruiloften\/","title":{"rendered":"Kamer huren"},"content":{"rendered":"\n<section class=\"wp-block-group alignfull section-heberg has-base-background-color has-background is-layout-flow wp-block-group-is-layout-flow\" style=\"padding-top:var(--wp--preset--spacing--50);padding-right:var(--wp--preset--spacing--50);padding-bottom:var(--wp--preset--spacing--50);padding-left:var(--wp--preset--spacing--50)\">\n<div class=\"wp-block-columns are-vertically-aligned-center is-layout-flex wp-container-core-columns-is-layout-28f84493 wp-block-columns-is-layout-flex\">\n<div class=\"wp-block-column is-vertically-aligned-center is-layout-flow wp-block-column-is-layout-flow\" style=\"padding-right:var(--wp--preset--spacing--30)\">\n<div class=\"wp-block-group is-vertical is-layout-flex wp-container-core-group-is-layout-98bb686d wp-block-group-is-layout-flex\">\n<div class=\"wp-block-group is-vertical is-content-justification-left is-layout-flex wp-container-core-group-is-layout-6c9a6f5f wp-block-group-is-layout-flex\" style=\"margin-top:0px;margin-right:0px;margin-bottom:0px;margin-left:0px\">\n<figure class=\"wp-block-image size-large\" style=\"margin-bottom:var(--wp--preset--spacing--30)\"><img decoding=\"async\" width=\"196\" height=\"67\" src=\"https:\/\/www.lavillehuchet.com\/wp-content\/uploads\/2025\/10\/Mode_Isolation.svg\" alt=\"Isolatie_Modus\" class=\"wp-image-284\"\/><\/figure>\n\n\n\n<h2 class=\"wp-block-heading slogan has-contrast-2-color has-text-color has-link-color has-bile-font-family wp-elements-fdc6410c20a1c01b4f197bd74460bba0\" style=\"font-size:clamp(61.532px, 3.846rem + ((1vw - 3.2px) * 7.132), 130px);line-height:.8\">Kamer huren<\/h2>\n\n\n\n<h2 class=\"wp-block-heading sous-menu has-text-color has-link-color has-bile-font-family wp-elements-3256ba7fe229b5fdd17483ac987e510c\" style=\"color:#1379a1a1;font-size:clamp(35.2px, 2.2rem + ((1vw - 3.2px) * 3), 64px);line-height:.8\">Voor evenementen en bruiloften in Saint-Malo<\/h2>\n<\/div>\n\n\n\n<h2 class=\"wp-block-heading has-text-align-left has-libre-franklin-font-family has-text-color\" style=\"color:rgba(181,173,151,1);margin-top:0px;margin-right:0px;margin-bottom:0px;margin-left:0px;font-size:clamp(15.747px, 0.984rem + ((1vw - 3.2px) * 0.86), 24px);font-style:normal;font-weight:400;line-height:1.2;text-transform:uppercase\">Zaalverhuur in Saint-Malo<\/h2>\n\n\n\n<p>Voor uw bruiloften, feesten of verjaardagen kunt u op onze <a href=\"https:\/\/www.lavillehuchet.com\/nl\/\" data-type=\"page\" data-id=\"60\">camping in Saint-Malo<\/a> <strong>een karaktervolle kamer huren<\/strong> voor een weekend in Saint-Malo, in het zuidelijke district Quelmer.<br\/><br\/>Onze verwarmde zaal van 220 m\u00b2 kan <strong>tot 140 personen<\/strong> ontvangen. Met haar prachtige houten geraamte en grote ramen geeft deze zaal uit op het met palmbomen, dracenas, ph\u0153nix en bamboe beplante park. <br\/><br\/>Afhankelijk van het aantal gasten kunnen we je voorzien van grote tafels met een diameter van 180 cm voor 10 personen en ontvangststoelen in bordeauxrode stof, evenals een cateringgedeelte met directe toegang naar buiten.<\/p>\n\n\n    <div id=\"gt-fse-lire-plus-69d38cb1ca458\" class=\"gt-fse-lire-plus\" style=\"--min-height: 130px; background-color: #fff;\">\n        <input id=\"gt-fse-lire-plus-69d38cb1ca458-toggle\" type=\"checkbox\" class=\"gt-fse-lire-plus__toggle\" \/>\n        <label for=\"gt-fse-lire-plus-69d38cb1ca458-toggle\" class=\"gt-fse-lire-plus__toggle-label\">\n            <span>Meer lezen<\/span>\n            <span>Minder lezen<\/span>\n        <\/label>\n        <div class=\"gt-fse-lire-plus__content\">\n            \n\n<p>Je hebt ook koelkasten en vriezers voor opslag, kleerhangers voor je garderobe en een videoprojector met groot scherm en spotlights.<br\/><br\/>Profiteer van ons pakket van 6 accommodaties op locatie, wat een groot voordeel zal zijn voor het succes van je evenement. Geef je gasten de kans om ter plaatse te slapen. <\/p>\n\n\n\n<p>Geen tijdsbeperkingen op de dag van de receptie.<\/p>\n\n\n\n<p><strong><em>Aangezien het Domaine de la Ville Huchet een camping is, kunnen kamers alleen worden gehuurd tijdens het gesloten seizoen, van eind september tot eind februari.<\/em><\/strong> <\/p>\n\n            <div class=\"gt-fse-lire-plus__gradient\" style=\"background: linear-gradient(to bottom,rgba(255,255,255,0) 0%,rgba(255,255,255,1) 100%);\"><\/div>\n        <\/div>\n    <\/div>\n    <\/div>\n<\/div>\n\n\n\n<div class=\"wp-block-column is-vertically-aligned-center is-layout-flow wp-block-column-is-layout-flow\">\n<div data-swiper=\"{&quot;speed&quot;:400,&quot;spaceBetween&quot;:16,&quot;slidesPerView&quot;:1,&quot;createElements&quot;:true,&quot;loop&quot;:true,&quot;freemode&quot;:true,&quot;navigation&quot;:{&quot;nextEl&quot;:false,&quot;prevEl&quot;:false},&quot;pagination&quot;:{&quot;el&quot;:&quot;.swiper-pagination&quot;,&quot;dynamicBullets&quot;:false},&quot;breakpoints&quot;:{&quot;0&quot;:{&quot;slidesPerView&quot;:1},&quot;1024&quot;:{&quot;slidesPerView&quot;:1}},&quot;bulletImages&quot;:[&quot;\\\/wp-content\\\/uploads\\\/2025\\\/10\\\/mh-huchet.jpg&quot;,&quot;\\\/wp-content\\\/uploads\\\/2025\\\/10\\\/emplacement-huchet.jpg&quot;,&quot;\\\/wp-content\\\/uploads\\\/2025\\\/10\\\/chalet-huchet.jpg&quot;,&quot;\\\/wp-content\\\/uploads\\\/2025\\\/10\\\/appartement.jpg&quot;],&quot;simulateTouch&quot;:false,&quot;autoplay&quot;:{&quot;delay&quot;:3000}}\" class=\"wp-block-group data-bullets gt-is-slider gt-is-slider-desktop is-layout-grid wp-container-core-group-is-layout-988b637e wp-block-group-is-layout-grid\" data-bullets=\"pres\">\n<figure class=\"wp-block-image size-full mh\"><img decoding=\"async\" width=\"820\" height=\"1000\" src=\"https:\/\/www.lavillehuchet.com\/wp-content\/uploads\/2025\/10\/camping-huchet-.jpg\" alt=\"camping huchet\" class=\"wp-image-330\" style=\"aspect-ratio:3\/4;object-fit:cover\" srcset=\"https:\/\/www.lavillehuchet.com\/wp-content\/uploads\/2025\/10\/camping-huchet-.jpg 820w, https:\/\/www.lavillehuchet.com\/wp-content\/uploads\/2025\/10\/camping-huchet--246x300.jpg 246w, https:\/\/www.lavillehuchet.com\/wp-content\/uploads\/2025\/10\/camping-huchet--768x937.jpg 768w\" sizes=\"(max-width: 820px) 100vw, 820px\" \/><\/figure>\n\n\n\n<figure class=\"wp-block-image size-full mh\"><img decoding=\"async\" width=\"2000\" height=\"1334\" src=\"https:\/\/www.lavillehuchet.com\/wp-content\/uploads\/2026\/02\/grande-salle-camping.jpg\" alt=\"grote kampeerruimte\" class=\"wp-image-3318\" style=\"aspect-ratio:3\/4;object-fit:cover\" srcset=\"https:\/\/www.lavillehuchet.com\/wp-content\/uploads\/2026\/02\/grande-salle-camping.jpg 2000w, https:\/\/www.lavillehuchet.com\/wp-content\/uploads\/2026\/02\/grande-salle-camping-300x200.jpg 300w, https:\/\/www.lavillehuchet.com\/wp-content\/uploads\/2026\/02\/grande-salle-camping-1024x683.jpg 1024w, https:\/\/www.lavillehuchet.com\/wp-content\/uploads\/2026\/02\/grande-salle-camping-768x512.jpg 768w, https:\/\/www.lavillehuchet.com\/wp-content\/uploads\/2026\/02\/grande-salle-camping-1536x1025.jpg 1536w\" sizes=\"(max-width: 2000px) 100vw, 2000px\" \/><\/figure>\n\n\n\n<figure class=\"wp-block-image size-full emplacement\"><img decoding=\"async\" width=\"820\" height=\"1000\" src=\"https:\/\/www.lavillehuchet.com\/wp-content\/uploads\/2025\/10\/camping-huchet-exterieur.jpg\" alt=\"camping huchet outdoor\" class=\"wp-image-332\" style=\"aspect-ratio:3\/4;object-fit:cover\" srcset=\"https:\/\/www.lavillehuchet.com\/wp-content\/uploads\/2025\/10\/camping-huchet-exterieur.jpg 820w, https:\/\/www.lavillehuchet.com\/wp-content\/uploads\/2025\/10\/camping-huchet-exterieur-246x300.jpg 246w, https:\/\/www.lavillehuchet.com\/wp-content\/uploads\/2025\/10\/camping-huchet-exterieur-768x937.jpg 768w\" sizes=\"(max-width: 820px) 100vw, 820px\" \/><\/figure>\n\n\n\n<figure class=\"wp-block-image size-full appartement\"><img decoding=\"async\" width=\"2000\" height=\"1334\" src=\"https:\/\/www.lavillehuchet.com\/wp-content\/uploads\/2026\/02\/reception.jpg\" alt=\"receptie\" class=\"wp-image-3319\" style=\"aspect-ratio:3\/4;object-fit:cover\" srcset=\"https:\/\/www.lavillehuchet.com\/wp-content\/uploads\/2026\/02\/reception.jpg 2000w, https:\/\/www.lavillehuchet.com\/wp-content\/uploads\/2026\/02\/reception-300x200.jpg 300w, https:\/\/www.lavillehuchet.com\/wp-content\/uploads\/2026\/02\/reception-1024x683.jpg 1024w, https:\/\/www.lavillehuchet.com\/wp-content\/uploads\/2026\/02\/reception-768x512.jpg 768w, https:\/\/www.lavillehuchet.com\/wp-content\/uploads\/2026\/02\/reception-1536x1025.jpg 1536w\" sizes=\"(max-width: 2000px) 100vw, 2000px\" \/><\/figure>\n<\/div>\n\n\n\n<div class=\"bloc-hebergements-bullets\" data-bullets=\"pres\"><\/div>\n<\/div>\n<\/div>\n<\/section>\n\n<section class=\"wp-block-group alignfull section-engagement is-layout-flow wp-block-group-is-layout-flow\" style=\"padding-top:var(--wp--preset--spacing--50);padding-right:var(--wp--preset--spacing--50);padding-bottom:var(--wp--preset--spacing--50);padding-left:var(--wp--preset--spacing--50)\">\n<div data-swiper=\"{&quot;speed&quot;:1000,&quot;autoplay&quot;:{&quot;delay&quot;:5000,&quot;disableOnInteraction&quot;:false},&quot;spaceBetween&quot;:0,&quot;slidesPerView&quot;:1,&quot;pagination&quot;:{&quot;el&quot;:&quot;.swiper-pagination&quot;,&quot;dynamicBullets&quot;:true,&quot;clickable&quot;:true,&quot;type&quot;:&quot;bullets&quot;},&quot;navigation&quot;:{&quot;nextEl&quot;:&quot;.swiper-button-next&quot;,&quot;prevEl&quot;:&quot;.swiper-button-prev&quot;},&quot;breakpoints&quot;:[{&quot;slidesPerView&quot;:1}]}\" class=\"wp-block-cover has-parallax\" style=\"padding-top:var(--wp--preset--spacing--60);padding-right:0px;padding-bottom:var(--wp--preset--spacing--60);padding-left:0px\"><div role=\"img\" aria-label=\"location de salle saint malo\" class=\"wp-block-cover__image-background wp-image-3294 size-full has-parallax\" style=\"background-position:50% 50%;background-image:url(https:\/\/www.lavillehuchet.com\/wp-content\/uploads\/2026\/02\/location-de-salle-saint-malo.jpg)\"><\/div><span aria-hidden=\"true\" class=\"wp-block-cover__background has-black-background-color has-background-dim-30 has-background-dim\"><\/span><div class=\"wp-block-cover__inner-container has-global-padding is-layout-constrained wp-container-core-cover-is-layout-c82568c3 wp-block-cover-is-layout-constrained\">\n<div class=\"wp-block-columns alignfull is-layout-flex wp-container-core-columns-is-layout-28f84493 wp-block-columns-is-layout-flex\">\n<div class=\"wp-block-column is-layout-flow wp-block-column-is-layout-flow\" style=\"flex-basis:55%\">\n<div class=\"wp-block-group is-vertical is-content-justification-right is-layout-flex wp-container-core-group-is-layout-c0d519fa wp-block-group-is-layout-flex\">\n<div class=\"wp-block-group has-global-padding is-layout-constrained wp-container-core-group-is-layout-e1ac5de0 wp-block-group-is-layout-constrained\" style=\"padding-right:var(--wp--preset--spacing--10);padding-left:var(--wp--preset--spacing--30)\">\n<h2 class=\"wp-block-heading slogan has-bile-font-family\" style=\"font-size:clamp(57.464px, 3.592rem + ((1vw - 3.2px) * 6.41), 119px);line-height:.8\">Accommodatie te huur<\/h2>\n\n\n\n<h2 class=\"wp-block-heading has-bile-font-family has-x-large-font-size\" style=\"line-height:.8\">Voor uw evenement in Saint-Malo<\/h2>\n<\/div>\n<\/div>\n<\/div>\n\n\n\n<div class=\"wp-block-column is-vertically-aligned-center has-base-background-color has-background is-layout-flow wp-block-column-is-layout-flow\" style=\"padding-top:var(--wp--preset--spacing--40);padding-right:var(--wp--preset--spacing--50);padding-bottom:var(--wp--preset--spacing--40);padding-left:var(--wp--preset--spacing--50);flex-basis:45%\">\n<p class=\"has-text-align-left has-contrast-color has-text-color has-link-color wp-elements-5a9277cd607f2f074f5741b880b68df8\">Om de festiviteiten in alle rust voort te zetten, hebben we <strong>zes accommodatieopties voor 4 seizoenen op het terrein<\/strong>, perfect om een aantal van je gasten onder te brengen.  <\/p>\n\n\n\n<p class=\"has-text-align-left has-contrast-color has-text-color has-link-color wp-elements-8bd6c912a3c9ba510a67b86f15eea03a\">Als camping bieden we comfortabele chalets in een rustige bosrijke omgeving, op een steenworp afstand van de locatie. Dit is een ideale oplossing voor families of vrienden die van ver komen, zodat ze volop van de avond kunnen genieten zonder te hoeven reizen.   <\/p>\n\n\n\n<p class=\"has-text-align-left has-contrast-color has-text-color has-link-color wp-elements-3253923e80f4bc86ff51a8e8e5c3fe4c\">De volgende dag kan iedereen de tijd nemen om samen te ontbijten of rustig wakker te worden. Deze accommodatie ter plaatse verhoogt de gezelligheid, vereenvoudigt de organisatie en draagt volledig bij aan het succes van uw evenement in Saint-Malo. <\/p>\n\n\n\n<div class=\"wp-block-buttons btn-bleu is-layout-flex wp-block-buttons-is-layout-flex\">\n<div class=\"wp-block-button\"><a class=\"wp-block-button__link has-base-2-background-color has-background wp-element-button\" href=\"https:\/\/www.lavillehuchet.com\/nl\/hutten-chalets\/\" style=\"border-radius:100px;padding-top:var(--wp--preset--spacing--10);padding-right:var(--wp--preset--spacing--20);padding-bottom:var(--wp--preset--spacing--10);padding-left:var(--wp--preset--spacing--20);text-transform:uppercase\" target=\"_blank\" rel=\"noreferrer noopener\">Bekijk de accommodatie<\/a><\/div>\n<\/div>\n<\/div>\n<\/div>\n<\/div><\/div>\n<\/section>\n\n<section class=\"wp-block-group alignwide section-cta is-layout-flow wp-block-group-is-layout-flow\" style=\"padding-top:var(--wp--preset--spacing--50);padding-bottom:var(--wp--preset--spacing--60)\">\n<h2 class=\"wp-block-heading has-text-align-center has-libre-franklin-font-family has-contrast-2-color has-text-color has-bile-font-family has-x-large-font-size\" style=\"margin-top:0px;margin-right:0px;margin-bottom:0px;margin-left:0px;font-style:normal;font-weight:400;line-height:1\">Ontdek onze stacaravans, <br\/>onze chalets en onze aanbiedingen<\/h2>\n\n\n\n<div data-swiper=\"{&quot;speed&quot;:400,&quot;spaceBetween&quot;:&quot;50&quot;,&quot;slidesPerView&quot;:2,&quot;createElements&quot;:true,&quot;loop&quot;:true,&quot;navigation&quot;:{&quot;nextEl&quot;:&quot;buttonNext&quot;,&quot;prevEl&quot;:&quot;buttonPrev&quot;},&quot;breakpoints&quot;:{&quot;0&quot;:{&quot;slidesPerView&quot;:1},&quot;380&quot;:{&quot;slidesPerView&quot;:&quot;1&quot;},&quot;700&quot;:{&quot;slidesPerView&quot;:2}},&quot;pagination&quot;:{&quot;el&quot;:false},&quot;autoplay&quot;:{&quot;delay&quot;:3000}}\" data-wp-context=\"{}\" data-wp-interactive=\"core\/query\" data-wp-key=\"0\" data-wp-router-region=\"query-0\" class=\"wp-block-query alignwide gt-fse-maillage-query gt-is-slider gt-is-slider-mobile is-layout-flow wp-block-query-is-layout-flow\"><ul class=\"columns-3 gt-maillage wp-block-post-template is-layout-grid wp-container-core-post-template-is-layout-6d3fbd8f wp-block-post-template-is-layout-grid\"><li data-wp-key=\"post-template-item-4136\" class=\"wp-block-post post-4136 page type-page status-publish has-post-thumbnail hentry\">\n\n<figure class=\"wp-block-image has-custom-border gt-maillage__image\"><img decoding=\"async\" src=\"https:\/\/www.lavillehuchet.com\/wp-content\/uploads\/2026\/01\/hebergements-en-location-a-saint-malo.jpg\" alt=\"Automatisch ontwerp\" class=\"has-border-color\" style=\"border-color:#ffffff;border-width:1px;aspect-ratio:1;object-fit:cover\"\/><\/figure>\n\n\n\n<div class=\"wp-block-group is-vertical is-layout-flex wp-container-core-group-is-layout-d82e7565 wp-block-group-is-layout-flex\" style=\"border-style:none;border-width:0px;margin-top:-125px;padding-top:var(--wp--preset--spacing--10);padding-right:var(--wp--preset--spacing--10);padding-bottom:var(--wp--preset--spacing--10);padding-left:var(--wp--preset--spacing--20)\">\n<figure class=\"wp-block-image is-resized\" style=\"margin-top:0px;margin-right:0px;margin-bottom:0px;margin-left:1px\"><img decoding=\"async\" src=\"data:image\/svg+xml,%3Csvg width=&quot;39&quot; height=&quot;3&quot; viewBox=&quot;0 0 39 3&quot; fill=&quot;none&quot; xmlns=&quot;http:\/\/www.w3.org\/2000\/svg&quot;%3E%3Cpath d=&quot;M1 1.5H38&quot; stroke=&quot;white&quot; stroke-width=&quot;2&quot; stroke-linecap=&quot;round&quot;\/%3E%3C\/svg%3E%0A\" alt=\"\" style=\"width:37px\"\/><\/figure>\n\n\n\n<p class=\"has-base-2-color has-text-color has-link-color has-bile-font-family wp-elements-a62d076a1bec3e28590a95f79e8b4bfb\" style=\"font-size:clamp(24.034px, 1.502rem + ((1vw - 3.2px) * 1.663), 40px);font-style:normal;font-weight:400;line-height:1;text-decoration:none\">Hutten &amp; chalets<\/p>\n<\/div>\n\n\n<a class=\"is-style-lien-cover wp-block-read-more\" href=\"https:\/\/www.lavillehuchet.com\/nl\/hutten-chalets\/\" target=\"_self\">Lees verder<span class=\"screen-reader-text\">: Hutten, chalets en pods<\/span><\/a>\n<\/li><li data-wp-key=\"post-template-item-4016\" class=\"wp-block-post post-4016 page type-page status-publish has-post-thumbnail hentry\">\n\n<figure class=\"wp-block-image has-custom-border gt-maillage__image\"><img decoding=\"async\" src=\"https:\/\/www.lavillehuchet.com\/wp-content\/uploads\/2025\/10\/banner-promo-huchet-scaled.jpg\" alt=\"huchet promotiebanner\" class=\"has-border-color\" style=\"border-color:#ffffff;border-width:1px;aspect-ratio:1;object-fit:cover\"\/><\/figure>\n\n\n\n<div class=\"wp-block-group is-vertical is-layout-flex wp-container-core-group-is-layout-d82e7565 wp-block-group-is-layout-flex\" style=\"border-style:none;border-width:0px;margin-top:-125px;padding-top:var(--wp--preset--spacing--10);padding-right:var(--wp--preset--spacing--10);padding-bottom:var(--wp--preset--spacing--10);padding-left:var(--wp--preset--spacing--20)\">\n<figure class=\"wp-block-image is-resized\" style=\"margin-top:0px;margin-right:0px;margin-bottom:0px;margin-left:1px\"><img decoding=\"async\" src=\"data:image\/svg+xml,%3Csvg width=&quot;39&quot; height=&quot;3&quot; viewBox=&quot;0 0 39 3&quot; fill=&quot;none&quot; xmlns=&quot;http:\/\/www.w3.org\/2000\/svg&quot;%3E%3Cpath d=&quot;M1 1.5H38&quot; stroke=&quot;white&quot; stroke-width=&quot;2&quot; stroke-linecap=&quot;round&quot;\/%3E%3C\/svg%3E%0A\" alt=\"\" style=\"width:37px\"\/><\/figure>\n\n\n\n<p class=\"has-base-2-color has-text-color has-link-color has-bile-font-family wp-elements-a62d076a1bec3e28590a95f79e8b4bfb\" style=\"font-size:clamp(24.034px, 1.502rem + ((1vw - 3.2px) * 1.663), 40px);font-style:normal;font-weight:400;line-height:1;text-decoration:none\">Onze huuraccommodaties<\/p>\n<\/div>\n\n\n<a class=\"is-style-lien-cover wp-block-read-more\" href=\"https:\/\/www.lavillehuchet.com\/nl\/verhuur-stacaravan-saintmalo\/\" target=\"_self\">Lees verder<span class=\"screen-reader-text\">: Huurwoningen<\/span><\/a>\n<\/li><li data-wp-key=\"post-template-item-4210\" class=\"wp-block-post post-4210 page type-page status-publish has-post-thumbnail hentry\">\n\n<figure class=\"wp-block-image has-custom-border gt-maillage__image\"><img decoding=\"async\" src=\"https:\/\/www.lavillehuchet.com\/wp-content\/uploads\/2025\/12\/Saint-Coulomb_Le-Tiroir-de-Josephine-scaled.jpg\" alt=\"Onze aanbiedingen\" class=\"has-border-color\" style=\"border-color:#ffffff;border-width:1px;aspect-ratio:1;object-fit:cover\"\/><\/figure>\n\n\n\n<div class=\"wp-block-group is-vertical is-layout-flex wp-container-core-group-is-layout-d82e7565 wp-block-group-is-layout-flex\" style=\"border-style:none;border-width:0px;margin-top:-125px;padding-top:var(--wp--preset--spacing--10);padding-right:var(--wp--preset--spacing--10);padding-bottom:var(--wp--preset--spacing--10);padding-left:var(--wp--preset--spacing--20)\">\n<figure class=\"wp-block-image is-resized\" style=\"margin-top:0px;margin-right:0px;margin-bottom:0px;margin-left:1px\"><img decoding=\"async\" src=\"data:image\/svg+xml,%3Csvg width=&quot;39&quot; height=&quot;3&quot; viewBox=&quot;0 0 39 3&quot; fill=&quot;none&quot; xmlns=&quot;http:\/\/www.w3.org\/2000\/svg&quot;%3E%3Cpath d=&quot;M1 1.5H38&quot; stroke=&quot;white&quot; stroke-width=&quot;2&quot; stroke-linecap=&quot;round&quot;\/%3E%3C\/svg%3E%0A\" alt=\"\" style=\"width:37px\"\/><\/figure>\n\n\n\n<p class=\"has-base-2-color has-text-color has-link-color has-bile-font-family wp-elements-a62d076a1bec3e28590a95f79e8b4bfb\" style=\"font-size:clamp(24.034px, 1.502rem + ((1vw - 3.2px) * 1.663), 40px);font-style:normal;font-weight:400;line-height:1;text-decoration:none\">Onze aanbiedingen<\/p>\n<\/div>\n\n\n<a class=\"is-style-lien-cover wp-block-read-more\" href=\"https:\/\/www.lavillehuchet.com\/nl\/aanbiedingen-en-nieuws\/\" target=\"_self\">Lees verder<span class=\"screen-reader-text\">: Aanbiedingen en nieuws<\/span><\/a>\n<\/li><\/ul><\/div>\n<\/section>\n","protected":false},"excerpt":{"rendered":"<p>Kamer huren Voor evenementen en bruiloften in Saint-Malo Zaalverhuur in Saint-Malo Voor uw bruiloften, feesten of verjaardagen kunt u op onze camping in Saint-Malo een karaktervolle kamer huren voor een weekend in Saint-Malo, in het zuidelijke district Quelmer. Onze verwarmde zaal van 220 m\u00b2 kan tot 140 personen ontvangen. Met haar prachtige houten geraamte en [&hellip;]<\/p>\n","protected":false},"author":1,"featured_media":4060,"parent":0,"menu_order":0,"comment_status":"closed","ping_status":"closed","template":"","meta":{"_seopress_robots_primary_cat":"","_seopress_titles_title":"Location de salle pour mariage, soir\u00e9e priv\u00e9e espace traiteur \u00e0 Saint-Malo - La Ville Huchet","_seopress_titles_desc":"","_seopress_robots_index":"","inline_featured_image":false,"gt_fse_maillage_image":"https:\/\/www.lavillehuchet.com\/wp-content\/uploads\/2026\/01\/evenements-a-saint-malo.jpg","gt_fse_maillage_titre":"Automatisch ontwerp","gt_fse_maillage_alt":"Automatisch ontwerp","gt_fse_maillage_resume":"","footnotes":""},"categories":[],"tags":[],"class_list":["post-4057","page","type-page","status-publish","has-post-thumbnail","hentry"],"_links":{"self":[{"href":"https:\/\/www.lavillehuchet.com\/nl\/wp-json\/wp\/v2\/pages\/4057","targetHints":{"allow":["GET"]}}],"collection":[{"href":"https:\/\/www.lavillehuchet.com\/nl\/wp-json\/wp\/v2\/pages"}],"about":[{"href":"https:\/\/www.lavillehuchet.com\/nl\/wp-json\/wp\/v2\/types\/page"}],"author":[{"embeddable":true,"href":"https:\/\/www.lavillehuchet.com\/nl\/wp-json\/wp\/v2\/users\/1"}],"replies":[{"embeddable":true,"href":"https:\/\/www.lavillehuchet.com\/nl\/wp-json\/wp\/v2\/comments?post=4057"}],"version-history":[{"count":8,"href":"https:\/\/www.lavillehuchet.com\/nl\/wp-json\/wp\/v2\/pages\/4057\/revisions"}],"predecessor-version":[{"id":5346,"href":"https:\/\/www.lavillehuchet.com\/nl\/wp-json\/wp\/v2\/pages\/4057\/revisions\/5346"}],"wp:featuredmedia":[{"embeddable":true,"href":"https:\/\/www.lavillehuchet.com\/nl\/wp-json\/wp\/v2\/media\/4060"}],"wp:attachment":[{"href":"https:\/\/www.lavillehuchet.com\/nl\/wp-json\/wp\/v2\/media?parent=4057"}],"wp:term":[{"taxonomy":"category","embeddable":true,"href":"https:\/\/www.lavillehuchet.com\/nl\/wp-json\/wp\/v2\/categories?post=4057"},{"taxonomy":"post_tag","embeddable":true,"href":"https:\/\/www.lavillehuchet.com\/nl\/wp-json\/wp\/v2\/tags?post=4057"}],"curies":[{"name":"wp","href":"https:\/\/api.w.org\/{rel}","templated":true}]}}